{"id":1799,"date":"2026-01-21T01:04:03","date_gmt":"2026-01-21T01:04:03","guid":{"rendered":"https:\/\/redmond.nexape.com\/?post_type=product&#038;p=1799"},"modified":"2026-01-27T02:33:06","modified_gmt":"2026-01-27T02:33:06","slug":"chefs-blend-smoked-shaker-5-5-oz-156g","status":"publish","type":"product","link":"https:\/\/vanguardminerals.co\/es\/producto\/chefs-blend-smoked-shaker-5-5-oz-156g","title":{"rendered":"Chef's Blend Ahumado \u2013 Salero, 5.5 oz (156g)"},"content":{"rendered":"<p><strong>Mezcla del chef<\/strong><\/p>\n<p>Creada mediante un prolongado proceso de ahumado con una mezcla de varias maderas duras, esta sal adquiere un aspecto m\u00e1s oscuro y un sabor m\u00e1s intenso y complejo. El resultado es un perfil robusto y sabroso con profundas notas tostadas que recuerdan al espresso y al cacao, dise\u00f1ado para a\u00f1adir complejidad y profundidad a carnes, salsas y aplicaciones finales.<\/p>","protected":false},"excerpt":{"rendered":"<p><strong>Mezcla del chef<\/strong><\/p>\n<p>Creada mediante un prolongado proceso de ahumado con una mezcla de varias maderas duras, esta sal adquiere un aspecto m\u00e1s oscuro y un sabor m\u00e1s intenso y complejo. El resultado es un perfil robusto y sabroso con profundas notas tostadas que recuerdan al espresso y al cacao, dise\u00f1ado para a\u00f1adir complejidad y profundidad a carnes, salsas y aplicaciones finales.<\/p>\n<p>Ahumado durante 42 horas con 5 tipos diferentes de madera, tiene un color m\u00e1s oscuro y un sabor m\u00e1s intenso, con notas de caf\u00e9 expreso y cacao.<\/p>","protected":false},"featured_media":1796,"comment_status":"open","ping_status":"closed","template":"","meta":[],"product_brand":[30],"product_cat":[65],"product_tag":[72,71,73,66],"class_list":{"0":"post-1799","1":"product","2":"type-product","3":"status-publish","4":"has-post-thumbnail","6":"product_brand-redmond","7":"product_cat-mineral-sea-salt-smoked","8":"product_tag-blend","9":"product_tag-chefs","10":"product_tag-shaker","11":"product_tag-smoked","13":"first","14":"instock","15":"taxable","16":"shipping-taxable","17":"purchasable","18":"product-type-simple"},"yoast_head":"<!-- This site is optimized with the Yoast SEO plugin v27.4 - https:\/\/yoast.com\/product\/yoast-seo-wordpress\/ -->\n<title>Chef\u00b4s Blend Smoked \u2013 Shaker, 5.5 oz (156g) - Vanguard Minerals<\/title>\n<meta name=\"robots\" content=\"noindex, follow, max-snippet:-1, max-image-preview:large, max-video-preview:-1\" \/>\n<meta property=\"og:locale\" content=\"es_MX\" \/>\n<meta property=\"og:type\" content=\"article\" \/>\n<meta property=\"og:title\" content=\"Chef\u00b4s Blend Smoked \u2013 Shaker, 5.5 oz (156g) - Vanguard Minerals\" \/>\n<meta property=\"og:description\" content=\"Chef\u2019s Blend  Created through an extended smoking process using a blend of multiple hardwoods, this salt develops a darker appearance and a more intense, layered flavor. The result is a robust, savory profile with deep roasted notes reminiscent of espresso and cocoa, designed to add complexity and depth to meats, sauces, and finishing applications.  Smoked using 5 different types of wood for 42 hours, it\u2019s darker in color and more robust in flavor with hints of espresso and cocoa.\" \/>\n<meta property=\"og:url\" content=\"https:\/\/vanguardminerals.co\/es\/producto\/chefs-blend-smoked-shaker-5-5-oz-156g\/\" \/>\n<meta property=\"og:site_name\" content=\"Vanguard Minerals\" \/>\n<meta property=\"article:modified_time\" content=\"2026-01-27T02:33:06+00:00\" \/>\n<meta property=\"og:image\" content=\"https:\/\/vanguardminerals.co\/wp-content\/uploads\/2026\/01\/Chef_s_blend_shaker_front_for_web_grande.webp\" \/>\n<meta name=\"twitter:card\" content=\"summary_large_image\" \/>\n<meta name=\"twitter:title\" content=\"Chef\u00b4s Blend Smoked \u2013 Shaker, 5.5 oz (156g) - Vanguard Minerals\" \/>\n<meta name=\"twitter:description\" content=\"Chef\u2019s Blend  Created through an extended smoking process using a blend of multiple hardwoods, this salt develops a darker appearance and a more intense, layered flavor. The result is a robust, savory profile with deep roasted notes reminiscent of espresso and cocoa, designed to add complexity and depth to meats, sauces, and finishing applications.  Smoked using 5 different types of wood for 42 hours, it\u2019s darker in color and more robust in flavor with hints of espresso and cocoa.\" \/>\n<meta name=\"twitter:image\" content=\"https:\/\/vanguardminerals.co\/wp-content\/uploads\/2026\/01\/Chef_s_blend_shaker_front_for_web_grande.webp\" \/>\n<script type=\"application\/ld+json\" class=\"yoast-schema-graph\">{\"@context\":\"https:\\\/\\\/schema.org\",\"@graph\":[{\"@type\":\"WebPage\",\"@id\":\"https:\\\/\\\/vanguardminerals.co\\\/product\\\/chefs-blend-smoked-shaker-5-5-oz-156g\",\"url\":\"https:\\\/\\\/vanguardminerals.co\\\/product\\\/chefs-blend-smoked-shaker-5-5-oz-156g\",\"name\":\"Chef\u00b4s Blend Smoked \u2013 Shaker, 5.5 oz (156g) - Vanguard Minerals\",\"isPartOf\":{\"@id\":\"https:\\\/\\\/vanguardminerals.co\\\/#website\"},\"primaryImageOfPage\":{\"@id\":\"https:\\\/\\\/vanguardminerals.co\\\/product\\\/chefs-blend-smoked-shaker-5-5-oz-156g#primaryimage\"},\"image\":{\"@id\":\"https:\\\/\\\/vanguardminerals.co\\\/product\\\/chefs-blend-smoked-shaker-5-5-oz-156g#primaryimage\"},\"thumbnailUrl\":\"https:\\\/\\\/vanguardminerals.co\\\/wp-content\\\/uploads\\\/2026\\\/01\\\/Chef_s_blend_shaker_front_for_web_grande.webp\",\"datePublished\":\"2026-01-21T01:04:03+00:00\",\"dateModified\":\"2026-01-27T02:33:06+00:00\",\"breadcrumb\":{\"@id\":\"https:\\\/\\\/vanguardminerals.co\\\/product\\\/chefs-blend-smoked-shaker-5-5-oz-156g#breadcrumb\"},\"inLanguage\":\"es\",\"potentialAction\":[{\"@type\":\"ReadAction\",\"target\":[\"https:\\\/\\\/vanguardminerals.co\\\/product\\\/chefs-blend-smoked-shaker-5-5-oz-156g\"]}]},{\"@type\":\"ImageObject\",\"inLanguage\":\"es\",\"@id\":\"https:\\\/\\\/vanguardminerals.co\\\/product\\\/chefs-blend-smoked-shaker-5-5-oz-156g#primaryimage\",\"url\":\"https:\\\/\\\/vanguardminerals.co\\\/wp-content\\\/uploads\\\/2026\\\/01\\\/Chef_s_blend_shaker_front_for_web_grande.webp\",\"contentUrl\":\"https:\\\/\\\/vanguardminerals.co\\\/wp-content\\\/uploads\\\/2026\\\/01\\\/Chef_s_blend_shaker_front_for_web_grande.webp\",\"width\":600,\"height\":600,\"caption\":\"A bottle of Beal Salt Himalayan Pink Salt.\"},{\"@type\":\"BreadcrumbList\",\"@id\":\"https:\\\/\\\/vanguardminerals.co\\\/product\\\/chefs-blend-smoked-shaker-5-5-oz-156g#breadcrumb\",\"itemListElement\":[{\"@type\":\"ListItem\",\"position\":1,\"name\":\"Home\",\"item\":\"https:\\\/\\\/vanguardminerals.co\\\/\"},{\"@type\":\"ListItem\",\"position\":2,\"name\":\"Shop\",\"item\":\"https:\\\/\\\/vanguardminerals.co\\\/shop\"},{\"@type\":\"ListItem\",\"position\":3,\"name\":\"Chef\u00b4s Blend Smoked \u2013 Shaker, 5.5 oz (156g)\"}]},{\"@type\":\"WebSite\",\"@id\":\"https:\\\/\\\/vanguardminerals.co\\\/#website\",\"url\":\"https:\\\/\\\/vanguardminerals.co\\\/\",\"name\":\"Vanguard Minerals\",\"description\":\"From earth to wellness\",\"publisher\":{\"@id\":\"https:\\\/\\\/vanguardminerals.co\\\/#organization\"},\"potentialAction\":[{\"@type\":\"SearchAction\",\"target\":{\"@type\":\"EntryPoint\",\"urlTemplate\":\"https:\\\/\\\/vanguardminerals.co\\\/?s={search_term_string}\"},\"query-input\":{\"@type\":\"PropertyValueSpecification\",\"valueRequired\":true,\"valueName\":\"search_term_string\"}}],\"inLanguage\":\"es\"},{\"@type\":\"Organization\",\"@id\":\"https:\\\/\\\/vanguardminerals.co\\\/#organization\",\"name\":\"Vanguard Minerals\",\"url\":\"https:\\\/\\\/vanguardminerals.co\\\/\",\"logo\":{\"@type\":\"ImageObject\",\"inLanguage\":\"es\",\"@id\":\"https:\\\/\\\/vanguardminerals.co\\\/#\\\/schema\\\/logo\\\/image\\\/\",\"url\":\"https:\\\/\\\/vanguardminerals.co\\\/wp-content\\\/uploads\\\/2025\\\/10\\\/cropped-Logo-Vanguard-Minerals.webp\",\"contentUrl\":\"https:\\\/\\\/vanguardminerals.co\\\/wp-content\\\/uploads\\\/2025\\\/10\\\/cropped-Logo-Vanguard-Minerals.webp\",\"width\":268,\"height\":163,\"caption\":\"Vanguard Minerals\"},\"image\":{\"@id\":\"https:\\\/\\\/vanguardminerals.co\\\/#\\\/schema\\\/logo\\\/image\\\/\"}}]}<\/script>\n<!-- \/ Yoast SEO plugin. -->","yoast_head_json":{"title":"Chef\u00b4s Blend Smoked \u2013 Shaker, 5.5 oz (156g) - Vanguard Minerals","robots":{"index":"noindex","follow":"follow","max-snippet":"max-snippet:-1","max-image-preview":"max-image-preview:large","max-video-preview":"max-video-preview:-1"},"og_locale":"es_MX","og_type":"article","og_title":"Chef\u00b4s Blend Smoked \u2013 Shaker, 5.5 oz (156g) - Vanguard Minerals","og_description":"Chef\u2019s Blend  Created through an extended smoking process using a blend of multiple hardwoods, this salt develops a darker appearance and a more intense, layered flavor. The result is a robust, savory profile with deep roasted notes reminiscent of espresso and cocoa, designed to add complexity and depth to meats, sauces, and finishing applications.  Smoked using 5 different types of wood for 42 hours, it\u2019s darker in color and more robust in flavor with hints of espresso and cocoa.","og_url":"https:\/\/vanguardminerals.co\/es\/producto\/chefs-blend-smoked-shaker-5-5-oz-156g\/","og_site_name":"Vanguard Minerals","article_modified_time":"2026-01-27T02:33:06+00:00","og_image":[{"url":"https:\/\/vanguardminerals.co\/wp-content\/uploads\/2026\/01\/Chef_s_blend_shaker_front_for_web_grande.webp","type":"","width":"","height":""}],"twitter_card":"summary_large_image","twitter_title":"Chef\u00b4s Blend Smoked \u2013 Shaker, 5.5 oz (156g) - Vanguard Minerals","twitter_description":"Chef\u2019s Blend  Created through an extended smoking process using a blend of multiple hardwoods, this salt develops a darker appearance and a more intense, layered flavor. The result is a robust, savory profile with deep roasted notes reminiscent of espresso and cocoa, designed to add complexity and depth to meats, sauces, and finishing applications.  Smoked using 5 different types of wood for 42 hours, it\u2019s darker in color and more robust in flavor with hints of espresso and cocoa.","twitter_image":"https:\/\/vanguardminerals.co\/wp-content\/uploads\/2026\/01\/Chef_s_blend_shaker_front_for_web_grande.webp","schema":{"@context":"https:\/\/schema.org","@graph":[{"@type":"WebPage","@id":"https:\/\/vanguardminerals.co\/product\/chefs-blend-smoked-shaker-5-5-oz-156g","url":"https:\/\/vanguardminerals.co\/product\/chefs-blend-smoked-shaker-5-5-oz-156g","name":"Chef\u00b4s Blend Smoked \u2013 Shaker, 5.5 oz (156g) - Vanguard Minerals","isPartOf":{"@id":"https:\/\/vanguardminerals.co\/#website"},"primaryImageOfPage":{"@id":"https:\/\/vanguardminerals.co\/product\/chefs-blend-smoked-shaker-5-5-oz-156g#primaryimage"},"image":{"@id":"https:\/\/vanguardminerals.co\/product\/chefs-blend-smoked-shaker-5-5-oz-156g#primaryimage"},"thumbnailUrl":"https:\/\/vanguardminerals.co\/wp-content\/uploads\/2026\/01\/Chef_s_blend_shaker_front_for_web_grande.webp","datePublished":"2026-01-21T01:04:03+00:00","dateModified":"2026-01-27T02:33:06+00:00","breadcrumb":{"@id":"https:\/\/vanguardminerals.co\/product\/chefs-blend-smoked-shaker-5-5-oz-156g#breadcrumb"},"inLanguage":"es","potentialAction":[{"@type":"ReadAction","target":["https:\/\/vanguardminerals.co\/product\/chefs-blend-smoked-shaker-5-5-oz-156g"]}]},{"@type":"ImageObject","inLanguage":"es","@id":"https:\/\/vanguardminerals.co\/product\/chefs-blend-smoked-shaker-5-5-oz-156g#primaryimage","url":"https:\/\/vanguardminerals.co\/wp-content\/uploads\/2026\/01\/Chef_s_blend_shaker_front_for_web_grande.webp","contentUrl":"https:\/\/vanguardminerals.co\/wp-content\/uploads\/2026\/01\/Chef_s_blend_shaker_front_for_web_grande.webp","width":600,"height":600,"caption":"A bottle of Beal Salt Himalayan Pink Salt."},{"@type":"BreadcrumbList","@id":"https:\/\/vanguardminerals.co\/product\/chefs-blend-smoked-shaker-5-5-oz-156g#breadcrumb","itemListElement":[{"@type":"ListItem","position":1,"name":"Home","item":"https:\/\/vanguardminerals.co\/"},{"@type":"ListItem","position":2,"name":"Shop","item":"https:\/\/vanguardminerals.co\/shop"},{"@type":"ListItem","position":3,"name":"Chef\u00b4s Blend Smoked \u2013 Shaker, 5.5 oz (156g)"}]},{"@type":"WebSite","@id":"https:\/\/vanguardminerals.co\/#website","url":"https:\/\/vanguardminerals.co\/","name":"En Vanguard Minerals","description":"From earth to wellness","publisher":{"@id":"https:\/\/vanguardminerals.co\/#organization"},"potentialAction":[{"@type":"SearchAction","target":{"@type":"EntryPoint","urlTemplate":"https:\/\/vanguardminerals.co\/?s={search_term_string}"},"query-input":{"@type":"PropertyValueSpecification","valueRequired":true,"valueName":"search_term_string"}}],"inLanguage":"es"},{"@type":"Organization","@id":"https:\/\/vanguardminerals.co\/#organization","name":"En Vanguard Minerals","url":"https:\/\/vanguardminerals.co\/","logo":{"@type":"ImageObject","inLanguage":"es","@id":"https:\/\/vanguardminerals.co\/#\/schema\/logo\/image\/","url":"https:\/\/vanguardminerals.co\/wp-content\/uploads\/2025\/10\/cropped-Logo-Vanguard-Minerals.webp","contentUrl":"https:\/\/vanguardminerals.co\/wp-content\/uploads\/2025\/10\/cropped-Logo-Vanguard-Minerals.webp","width":268,"height":163,"caption":"Vanguard Minerals"},"image":{"@id":"https:\/\/vanguardminerals.co\/#\/schema\/logo\/image\/"}}]}},"_links":{"self":[{"href":"https:\/\/vanguardminerals.co\/es\/wp-json\/wp\/v2\/product\/1799","targetHints":{"allow":["GET"]}}],"collection":[{"href":"https:\/\/vanguardminerals.co\/es\/wp-json\/wp\/v2\/product"}],"about":[{"href":"https:\/\/vanguardminerals.co\/es\/wp-json\/wp\/v2\/types\/product"}],"replies":[{"embeddable":true,"href":"https:\/\/vanguardminerals.co\/es\/wp-json\/wp\/v2\/comments?post=1799"}],"wp:featuredmedia":[{"embeddable":true,"href":"https:\/\/vanguardminerals.co\/es\/wp-json\/wp\/v2\/media\/1796"}],"wp:attachment":[{"href":"https:\/\/vanguardminerals.co\/es\/wp-json\/wp\/v2\/media?parent=1799"}],"wp:term":[{"taxonomy":"product_brand","embeddable":true,"href":"https:\/\/vanguardminerals.co\/es\/wp-json\/wp\/v2\/product_brand?post=1799"},{"taxonomy":"product_cat","embeddable":true,"href":"https:\/\/vanguardminerals.co\/es\/wp-json\/wp\/v2\/product_cat?post=1799"},{"taxonomy":"product_tag","embeddable":true,"href":"https:\/\/vanguardminerals.co\/es\/wp-json\/wp\/v2\/product_tag?post=1799"}],"curies":[{"name":"wp","href":"https:\/\/api.w.org\/{rel}","templated":true}]}}