{"id":1794,"date":"2026-01-21T01:01:13","date_gmt":"2026-01-21T01:01:13","guid":{"rendered":"https:\/\/redmond.nexape.com\/?post_type=product&#038;p=1794"},"modified":"2026-01-27T02:43:40","modified_gmt":"2026-01-27T02:43:40","slug":"hickory-smoked-shaker-5-5-oz-156-g","status":"publish","type":"product","link":"https:\/\/vanguardminerals.co\/es\/producto\/hickory-smoked-shaker-5-5-oz-156-g","title":{"rendered":"Ahumado con madera de nogal americano \u2013 Salero, 5.5 oz (156g)"},"content":{"rendered":"<p><strong>Ahumado con madera de nogal americano:<\/strong><\/p>\n<p>Esta sal ahumada aporta un cl\u00e1sico sabor ahumado con cuerpo y una profundidad c\u00e1lida y sabrosa. La madera de nogal americano le confiere un car\u00e1cter equilibrado y tostado que realza las prote\u00ednas, las verduras asadas y los platos a la parrilla, a\u00f1adiendo estructura y riqueza sin dominar los sabores naturales de los alimentos.<\/p>","protected":false},"excerpt":{"rendered":"<p><strong>Ahumado con madera de nogal americano:<\/strong><\/p>\n<p>Esta sal ahumada aporta un cl\u00e1sico sabor ahumado con cuerpo y una profundidad c\u00e1lida y sabrosa. La madera de nogal americano le confiere un car\u00e1cter equilibrado y tostado que realza las prote\u00ednas, las verduras asadas y los platos a la parrilla, a\u00f1adiendo estructura y riqueza sin dominar los sabores naturales de los alimentos.<\/p>\n<p>La sal org\u00e1nica Real Salt combina especias y hierbas org\u00e1nicas con el sabor \u00fanico de la sal antigua sin refinar Real Salt.<\/p>","protected":false},"featured_media":1797,"comment_status":"open","ping_status":"closed","template":"","meta":[],"product_brand":[30],"product_cat":[65],"product_tag":[68,66],"class_list":{"0":"post-1794","1":"product","2":"type-product","3":"status-publish","4":"has-post-thumbnail","6":"product_brand-redmond","7":"product_cat-mineral-sea-salt-smoked","8":"product_tag-hickory","9":"product_tag-smoked","11":"first","12":"instock","13":"taxable","14":"shipping-taxable","15":"purchasable","16":"product-type-simple"},"yoast_head":"<!-- This site is optimized with the Yoast SEO plugin v27.4 - https:\/\/yoast.com\/product\/yoast-seo-wordpress\/ -->\n<title>Hickory Smoked \u2013 Shaker, 5.5 oz (156 g) - Vanguard Minerals<\/title>\n<meta name=\"robots\" content=\"noindex, follow, max-snippet:-1, max-image-preview:large, max-video-preview:-1\" \/>\n<meta property=\"og:locale\" content=\"es_MX\" \/>\n<meta property=\"og:type\" content=\"article\" \/>\n<meta property=\"og:title\" content=\"Hickory Smoked \u2013 Shaker, 5.5 oz (156 g) - Vanguard Minerals\" \/>\n<meta property=\"og:description\" content=\"Hickory Smoked:  This smoked salt delivers a classic, full-bodied smokiness with warm, savory depth. The hickory wood imparts a balanced, wood-fired character that enhances proteins, roasted vegetables, and grilled dishes, adding structure and richness without overpowering the natural flavors of the food.  Real Salt Organic Season Salt combines organic spices and herbs with the unique flavor of unrefined, ancient Real Salt.\" \/>\n<meta property=\"og:url\" content=\"https:\/\/vanguardminerals.co\/es\/producto\/hickory-smoked-shaker-5-5-oz-156-g\/\" \/>\n<meta property=\"og:site_name\" content=\"Vanguard Minerals\" \/>\n<meta property=\"article:modified_time\" content=\"2026-01-27T02:43:40+00:00\" \/>\n<meta property=\"og:image\" content=\"https:\/\/vanguardminerals.co\/wp-content\/uploads\/2026\/01\/Hickory_shaker_front_for_web_900x.webp\" \/>\n<meta name=\"twitter:card\" content=\"summary_large_image\" \/>\n<meta name=\"twitter:title\" content=\"Hickory Smoked \u2013 Shaker, 5.5 oz (156 g) - Vanguard Minerals\" \/>\n<meta name=\"twitter:description\" content=\"Hickory Smoked:  This smoked salt delivers a classic, full-bodied smokiness with warm, savory depth. The hickory wood imparts a balanced, wood-fired character that enhances proteins, roasted vegetables, and grilled dishes, adding structure and richness without overpowering the natural flavors of the food.  Real Salt Organic Season Salt combines organic spices and herbs with the unique flavor of unrefined, ancient Real Salt.\" \/>\n<meta name=\"twitter:image\" content=\"https:\/\/vanguardminerals.co\/wp-content\/uploads\/2026\/01\/Hickory_shaker_front_for_web_900x.webp\" \/>\n<script type=\"application\/ld+json\" class=\"yoast-schema-graph\">{\"@context\":\"https:\\\/\\\/schema.org\",\"@graph\":[{\"@type\":\"WebPage\",\"@id\":\"https:\\\/\\\/vanguardminerals.co\\\/product\\\/hickory-smoked-shaker-5-5-oz-156-g\",\"url\":\"https:\\\/\\\/vanguardminerals.co\\\/product\\\/hickory-smoked-shaker-5-5-oz-156-g\",\"name\":\"Hickory Smoked \u2013 Shaker, 5.5 oz (156 g) - Vanguard Minerals\",\"isPartOf\":{\"@id\":\"https:\\\/\\\/vanguardminerals.co\\\/#website\"},\"primaryImageOfPage\":{\"@id\":\"https:\\\/\\\/vanguardminerals.co\\\/product\\\/hickory-smoked-shaker-5-5-oz-156-g#primaryimage\"},\"image\":{\"@id\":\"https:\\\/\\\/vanguardminerals.co\\\/product\\\/hickory-smoked-shaker-5-5-oz-156-g#primaryimage\"},\"thumbnailUrl\":\"https:\\\/\\\/vanguardminerals.co\\\/wp-content\\\/uploads\\\/2026\\\/01\\\/Hickory_shaker_front_for_web_900x.webp\",\"datePublished\":\"2026-01-21T01:01:13+00:00\",\"dateModified\":\"2026-01-27T02:43:40+00:00\",\"breadcrumb\":{\"@id\":\"https:\\\/\\\/vanguardminerals.co\\\/product\\\/hickory-smoked-shaker-5-5-oz-156-g#breadcrumb\"},\"inLanguage\":\"es\",\"potentialAction\":[{\"@type\":\"ReadAction\",\"target\":[\"https:\\\/\\\/vanguardminerals.co\\\/product\\\/hickory-smoked-shaker-5-5-oz-156-g\"]}]},{\"@type\":\"ImageObject\",\"inLanguage\":\"es\",\"@id\":\"https:\\\/\\\/vanguardminerals.co\\\/product\\\/hickory-smoked-shaker-5-5-oz-156-g#primaryimage\",\"url\":\"https:\\\/\\\/vanguardminerals.co\\\/wp-content\\\/uploads\\\/2026\\\/01\\\/Hickory_shaker_front_for_web_900x.webp\",\"contentUrl\":\"https:\\\/\\\/vanguardminerals.co\\\/wp-content\\\/uploads\\\/2026\\\/01\\\/Hickory_shaker_front_for_web_900x.webp\",\"width\":900,\"height\":900,\"caption\":\"A bottle of Real Salt seasoned salt with orange label.\"},{\"@type\":\"BreadcrumbList\",\"@id\":\"https:\\\/\\\/vanguardminerals.co\\\/product\\\/hickory-smoked-shaker-5-5-oz-156-g#breadcrumb\",\"itemListElement\":[{\"@type\":\"ListItem\",\"position\":1,\"name\":\"Home\",\"item\":\"https:\\\/\\\/vanguardminerals.co\\\/\"},{\"@type\":\"ListItem\",\"position\":2,\"name\":\"Shop\",\"item\":\"https:\\\/\\\/vanguardminerals.co\\\/shop\"},{\"@type\":\"ListItem\",\"position\":3,\"name\":\"Hickory Smoked \u2013 Shaker, 5.5 oz (156 g)\"}]},{\"@type\":\"WebSite\",\"@id\":\"https:\\\/\\\/vanguardminerals.co\\\/#website\",\"url\":\"https:\\\/\\\/vanguardminerals.co\\\/\",\"name\":\"Vanguard Minerals\",\"description\":\"From earth to wellness\",\"publisher\":{\"@id\":\"https:\\\/\\\/vanguardminerals.co\\\/#organization\"},\"potentialAction\":[{\"@type\":\"SearchAction\",\"target\":{\"@type\":\"EntryPoint\",\"urlTemplate\":\"https:\\\/\\\/vanguardminerals.co\\\/?s={search_term_string}\"},\"query-input\":{\"@type\":\"PropertyValueSpecification\",\"valueRequired\":true,\"valueName\":\"search_term_string\"}}],\"inLanguage\":\"es\"},{\"@type\":\"Organization\",\"@id\":\"https:\\\/\\\/vanguardminerals.co\\\/#organization\",\"name\":\"Vanguard Minerals\",\"url\":\"https:\\\/\\\/vanguardminerals.co\\\/\",\"logo\":{\"@type\":\"ImageObject\",\"inLanguage\":\"es\",\"@id\":\"https:\\\/\\\/vanguardminerals.co\\\/#\\\/schema\\\/logo\\\/image\\\/\",\"url\":\"https:\\\/\\\/vanguardminerals.co\\\/wp-content\\\/uploads\\\/2025\\\/10\\\/cropped-Logo-Vanguard-Minerals.webp\",\"contentUrl\":\"https:\\\/\\\/vanguardminerals.co\\\/wp-content\\\/uploads\\\/2025\\\/10\\\/cropped-Logo-Vanguard-Minerals.webp\",\"width\":268,\"height\":163,\"caption\":\"Vanguard Minerals\"},\"image\":{\"@id\":\"https:\\\/\\\/vanguardminerals.co\\\/#\\\/schema\\\/logo\\\/image\\\/\"}}]}<\/script>\n<!-- \/ Yoast SEO plugin. -->","yoast_head_json":{"title":"Hickory Smoked \u2013 Shaker, 5.5 oz (156 g) - Vanguard Minerals","robots":{"index":"noindex","follow":"follow","max-snippet":"max-snippet:-1","max-image-preview":"max-image-preview:large","max-video-preview":"max-video-preview:-1"},"og_locale":"es_MX","og_type":"article","og_title":"Hickory Smoked \u2013 Shaker, 5.5 oz (156 g) - Vanguard Minerals","og_description":"Hickory Smoked:  This smoked salt delivers a classic, full-bodied smokiness with warm, savory depth. The hickory wood imparts a balanced, wood-fired character that enhances proteins, roasted vegetables, and grilled dishes, adding structure and richness without overpowering the natural flavors of the food.  Real Salt Organic Season Salt combines organic spices and herbs with the unique flavor of unrefined, ancient Real Salt.","og_url":"https:\/\/vanguardminerals.co\/es\/producto\/hickory-smoked-shaker-5-5-oz-156-g\/","og_site_name":"Vanguard Minerals","article_modified_time":"2026-01-27T02:43:40+00:00","og_image":[{"url":"https:\/\/vanguardminerals.co\/wp-content\/uploads\/2026\/01\/Hickory_shaker_front_for_web_900x.webp","type":"","width":"","height":""}],"twitter_card":"summary_large_image","twitter_title":"Hickory Smoked \u2013 Shaker, 5.5 oz (156 g) - Vanguard Minerals","twitter_description":"Hickory Smoked:  This smoked salt delivers a classic, full-bodied smokiness with warm, savory depth. The hickory wood imparts a balanced, wood-fired character that enhances proteins, roasted vegetables, and grilled dishes, adding structure and richness without overpowering the natural flavors of the food.  Real Salt Organic Season Salt combines organic spices and herbs with the unique flavor of unrefined, ancient Real Salt.","twitter_image":"https:\/\/vanguardminerals.co\/wp-content\/uploads\/2026\/01\/Hickory_shaker_front_for_web_900x.webp","schema":{"@context":"https:\/\/schema.org","@graph":[{"@type":"WebPage","@id":"https:\/\/vanguardminerals.co\/product\/hickory-smoked-shaker-5-5-oz-156-g","url":"https:\/\/vanguardminerals.co\/product\/hickory-smoked-shaker-5-5-oz-156-g","name":"Hickory Smoked \u2013 Shaker, 5.5 oz (156 g) - Vanguard Minerals","isPartOf":{"@id":"https:\/\/vanguardminerals.co\/#website"},"primaryImageOfPage":{"@id":"https:\/\/vanguardminerals.co\/product\/hickory-smoked-shaker-5-5-oz-156-g#primaryimage"},"image":{"@id":"https:\/\/vanguardminerals.co\/product\/hickory-smoked-shaker-5-5-oz-156-g#primaryimage"},"thumbnailUrl":"https:\/\/vanguardminerals.co\/wp-content\/uploads\/2026\/01\/Hickory_shaker_front_for_web_900x.webp","datePublished":"2026-01-21T01:01:13+00:00","dateModified":"2026-01-27T02:43:40+00:00","breadcrumb":{"@id":"https:\/\/vanguardminerals.co\/product\/hickory-smoked-shaker-5-5-oz-156-g#breadcrumb"},"inLanguage":"es","potentialAction":[{"@type":"ReadAction","target":["https:\/\/vanguardminerals.co\/product\/hickory-smoked-shaker-5-5-oz-156-g"]}]},{"@type":"ImageObject","inLanguage":"es","@id":"https:\/\/vanguardminerals.co\/product\/hickory-smoked-shaker-5-5-oz-156-g#primaryimage","url":"https:\/\/vanguardminerals.co\/wp-content\/uploads\/2026\/01\/Hickory_shaker_front_for_web_900x.webp","contentUrl":"https:\/\/vanguardminerals.co\/wp-content\/uploads\/2026\/01\/Hickory_shaker_front_for_web_900x.webp","width":900,"height":900,"caption":"A bottle of Real Salt seasoned salt with orange label."},{"@type":"BreadcrumbList","@id":"https:\/\/vanguardminerals.co\/product\/hickory-smoked-shaker-5-5-oz-156-g#breadcrumb","itemListElement":[{"@type":"ListItem","position":1,"name":"Home","item":"https:\/\/vanguardminerals.co\/"},{"@type":"ListItem","position":2,"name":"Shop","item":"https:\/\/vanguardminerals.co\/shop"},{"@type":"ListItem","position":3,"name":"Hickory Smoked \u2013 Shaker, 5.5 oz (156 g)"}]},{"@type":"WebSite","@id":"https:\/\/vanguardminerals.co\/#website","url":"https:\/\/vanguardminerals.co\/","name":"En Vanguard Minerals","description":"From earth to wellness","publisher":{"@id":"https:\/\/vanguardminerals.co\/#organization"},"potentialAction":[{"@type":"SearchAction","target":{"@type":"EntryPoint","urlTemplate":"https:\/\/vanguardminerals.co\/?s={search_term_string}"},"query-input":{"@type":"PropertyValueSpecification","valueRequired":true,"valueName":"search_term_string"}}],"inLanguage":"es"},{"@type":"Organization","@id":"https:\/\/vanguardminerals.co\/#organization","name":"En Vanguard Minerals","url":"https:\/\/vanguardminerals.co\/","logo":{"@type":"ImageObject","inLanguage":"es","@id":"https:\/\/vanguardminerals.co\/#\/schema\/logo\/image\/","url":"https:\/\/vanguardminerals.co\/wp-content\/uploads\/2025\/10\/cropped-Logo-Vanguard-Minerals.webp","contentUrl":"https:\/\/vanguardminerals.co\/wp-content\/uploads\/2025\/10\/cropped-Logo-Vanguard-Minerals.webp","width":268,"height":163,"caption":"Vanguard Minerals"},"image":{"@id":"https:\/\/vanguardminerals.co\/#\/schema\/logo\/image\/"}}]}},"_links":{"self":[{"href":"https:\/\/vanguardminerals.co\/es\/wp-json\/wp\/v2\/product\/1794","targetHints":{"allow":["GET"]}}],"collection":[{"href":"https:\/\/vanguardminerals.co\/es\/wp-json\/wp\/v2\/product"}],"about":[{"href":"https:\/\/vanguardminerals.co\/es\/wp-json\/wp\/v2\/types\/product"}],"replies":[{"embeddable":true,"href":"https:\/\/vanguardminerals.co\/es\/wp-json\/wp\/v2\/comments?post=1794"}],"wp:featuredmedia":[{"embeddable":true,"href":"https:\/\/vanguardminerals.co\/es\/wp-json\/wp\/v2\/media\/1797"}],"wp:attachment":[{"href":"https:\/\/vanguardminerals.co\/es\/wp-json\/wp\/v2\/media?parent=1794"}],"wp:term":[{"taxonomy":"product_brand","embeddable":true,"href":"https:\/\/vanguardminerals.co\/es\/wp-json\/wp\/v2\/product_brand?post=1794"},{"taxonomy":"product_cat","embeddable":true,"href":"https:\/\/vanguardminerals.co\/es\/wp-json\/wp\/v2\/product_cat?post=1794"},{"taxonomy":"product_tag","embeddable":true,"href":"https:\/\/vanguardminerals.co\/es\/wp-json\/wp\/v2\/product_tag?post=1794"}],"curies":[{"name":"wp","href":"https:\/\/api.w.org\/{rel}","templated":true}]}}