{"id":1756,"date":"2026-01-19T03:13:06","date_gmt":"2026-01-19T03:13:06","guid":{"rendered":"https:\/\/redmond.nexape.com\/?post_type=product&#038;p=1756"},"modified":"2026-01-27T02:31:25","modified_gmt":"2026-01-27T02:31:25","slug":"kosher-shaker-10-oz-284g","status":"publish","type":"product","link":"https:\/\/vanguardminerals.co\/es\/producto\/kosher-shaker-10-oz-284g","title":{"rendered":"Kosher \u2013 Salero, 10 oz (284 g)"},"content":{"rendered":"<p>Esta sal marina mineral sin refinar Kosher Grain est\u00e1 dise\u00f1ada para cocineros que valoran el control y la consistencia a la hora de sazonar. Con un tama\u00f1o de grano ligeramente mayor que la sal fina, es f\u00e1cil de manejar con la mano o con un salero y funciona bien para sazonar carnes, verduras y platos cotidianos, ya que permite una distribuci\u00f3n uniforme durante la cocci\u00f3n y el acabado.<\/p>\n<p>La textura kosher del grano funciona bien en una gran variedad de usos, desde preparar prote\u00ednas y asar verduras hasta dar el toque final a platos y mezclar bebidas. Envasado en un salero recargable de 10 oz, es una opci\u00f3n pr\u00e1ctica y fiable tanto para la cocina como para la mesa.<\/p>\n<p><strong>Caracter\u00edsticas principales<\/strong><\/p>\n<ul>\n<li>Grano kosher de tama\u00f1o mediano<\/li>\n<li>Dise\u00f1ado para un sazonado controlado<\/li>\n<li>Sin refinar y naturalmente rico en minerales.<\/li>\n<li>Contiene m\u00e1s de 60 oligoelementos naturales.<\/li>\n<li>Sin procesamiento qu\u00edmico ni aditivos.<\/li>\n<\/ul>\n<p><strong>Mejores usos:<\/strong><\/p>\n<ul>\n<li>Sazonar carnes y verduras<\/li>\n<li>Pellizcar y remover durante la cocci\u00f3n.<\/li>\n<li>Acabado de los platos en la mesa<\/li>\n<li>Enlatado, encurtido y fermentaci\u00f3n<\/li>\n<li>Preparaci\u00f3n de bebidas<\/li>\n<\/ul>","protected":false},"excerpt":{"rendered":"<p>Esta sal marina mineral sin refinar Kosher Grain est\u00e1 dise\u00f1ada para cocineros que valoran el control y la consistencia a la hora de sazonar. Con un tama\u00f1o de grano ligeramente mayor que la sal fina, es f\u00e1cil de manejar con la mano o con un salero y funciona bien para sazonar carnes, verduras y platos cotidianos, ya que permite una distribuci\u00f3n uniforme durante la cocci\u00f3n y el acabado.<\/p>\n<p><strong>Caracter\u00edsticas principales<\/strong><\/p>\n<ul>\n<li>Grano kosher de tama\u00f1o mediano<\/li>\n<li>Dise\u00f1ado para un sazonado controlado<\/li>\n<li>Sin refinar y naturalmente rico en minerales.<\/li>\n<li>Contiene m\u00e1s de 60 oligoelementos naturales.<\/li>\n<li>Sin procesamiento qu\u00edmico ni aditivos.<\/li>\n<\/ul>\n<p><strong>Mejores usos:<\/strong><\/p>\n<ul>\n<li>Sazonar carnes y verduras<\/li>\n<li>Pellizcar y remover durante la cocci\u00f3n.<\/li>\n<li>Acabado de los platos en la mesa<\/li>\n<li>Enlatado, encurtido y fermentaci\u00f3n<\/li>\n<li>Preparaci\u00f3n de bebidas<\/li>\n<\/ul>","protected":false},"featured_media":1761,"comment_status":"open","ping_status":"closed","template":"","meta":[],"product_brand":[30],"product_cat":[41],"product_tag":[47,48,45,49,46,43,42],"class_list":{"0":"post-1756","1":"product","2":"type-product","3":"status-publish","4":"has-post-thumbnail","6":"product_brand-redmond","7":"product_cat-mineral-sea-salt-kosher","8":"product_tag-and-fermenting","9":"product_tag-beverage-preparation","10":"product_tag-canning","11":"product_tag-finishing-dishes-at-the-table","12":"product_tag-pickling","13":"product_tag-pinching-and-tossing-during-cooking","14":"product_tag-seasoning-meats-and-vegetables","16":"first","17":"instock","18":"taxable","19":"shipping-taxable","20":"purchasable","21":"product-type-simple"},"yoast_head":"<!-- This site is optimized with the Yoast SEO plugin v27.4 - https:\/\/yoast.com\/product\/yoast-seo-wordpress\/ -->\n<title>Kosher \u2013 Shaker, 10 oz (284g) - Vanguard Minerals<\/title>\n<meta name=\"robots\" content=\"noindex, follow, max-snippet:-1, max-image-preview:large, max-video-preview:-1\" \/>\n<meta property=\"og:locale\" content=\"es_MX\" \/>\n<meta property=\"og:type\" content=\"article\" \/>\n<meta property=\"og:title\" content=\"Kosher \u2013 Shaker, 10 oz (284g) - Vanguard Minerals\" \/>\n<meta property=\"og:description\" content=\"This Kosher Grain Unrefined Mineral Sea Salt is designed for cooks who value control and consistency when seasoning. With a grain size slightly larger than fine salt, it is easy to handle by hand or from a shaker and works well for seasoning meats, vegetables, and everyday dishes, allowing for even distribution during cooking and finishing.  Key Features   Medium-size kosher grain  Designed for controlled seasoning  Unrefined and naturally mineral-rich  Contains 60+ naturally occurring trace minerals  No chemical processing or additives  Best Uses:   Seasoning meats and vegetables  Pinching and tossing during cooking  Finishing dishes at the table  Canning, pickling, and fermenting  Beverage preparation\" \/>\n<meta property=\"og:url\" content=\"https:\/\/vanguardminerals.co\/es\/producto\/kosher-shaker-10-oz-284g\/\" \/>\n<meta property=\"og:site_name\" content=\"Vanguard Minerals\" \/>\n<meta property=\"article:modified_time\" content=\"2026-01-27T02:31:25+00:00\" \/>\n<meta property=\"og:image\" content=\"https:\/\/vanguardminerals.co\/wp-content\/uploads\/2026\/01\/Real_Salt_Kosher_Shaker_10_oz._Front_copia_740x.webp\" \/>\n<meta name=\"twitter:card\" content=\"summary_large_image\" \/>\n<meta name=\"twitter:title\" content=\"Kosher \u2013 Shaker, 10 oz (284g) - Vanguard Minerals\" \/>\n<meta name=\"twitter:description\" content=\"This Kosher Grain Unrefined Mineral Sea Salt is designed for cooks who value control and consistency when seasoning. With a grain size slightly larger than fine salt, it is easy to handle by hand or from a shaker and works well for seasoning meats, vegetables, and everyday dishes, allowing for even distribution during cooking and finishing.  Key Features   Medium-size kosher grain  Designed for controlled seasoning  Unrefined and naturally mineral-rich  Contains 60+ naturally occurring trace minerals  No chemical processing or additives  Best Uses:   Seasoning meats and vegetables  Pinching and tossing during cooking  Finishing dishes at the table  Canning, pickling, and fermenting  Beverage preparation\" \/>\n<meta name=\"twitter:image\" content=\"https:\/\/vanguardminerals.co\/wp-content\/uploads\/2026\/01\/Real_Salt_Kosher_Shaker_10_oz._Front_copia_740x.webp\" \/>\n<meta name=\"twitter:label1\" content=\"Tiempo de lectura\" \/>\n\t<meta name=\"twitter:data1\" content=\"1 minuto\" \/>\n<script type=\"application\/ld+json\" class=\"yoast-schema-graph\">{\"@context\":\"https:\\\/\\\/schema.org\",\"@graph\":[{\"@type\":\"WebPage\",\"@id\":\"https:\\\/\\\/vanguardminerals.co\\\/product\\\/kosher-shaker-10-oz-284g\",\"url\":\"https:\\\/\\\/vanguardminerals.co\\\/product\\\/kosher-shaker-10-oz-284g\",\"name\":\"Kosher \u2013 Shaker, 10 oz (284g) - Vanguard Minerals\",\"isPartOf\":{\"@id\":\"https:\\\/\\\/vanguardminerals.co\\\/#website\"},\"primaryImageOfPage\":{\"@id\":\"https:\\\/\\\/vanguardminerals.co\\\/product\\\/kosher-shaker-10-oz-284g#primaryimage\"},\"image\":{\"@id\":\"https:\\\/\\\/vanguardminerals.co\\\/product\\\/kosher-shaker-10-oz-284g#primaryimage\"},\"thumbnailUrl\":\"https:\\\/\\\/vanguardminerals.co\\\/wp-content\\\/uploads\\\/2026\\\/01\\\/Real_Salt_Kosher_Shaker_10_oz._Front_copia_740x.webp\",\"datePublished\":\"2026-01-19T03:13:06+00:00\",\"dateModified\":\"2026-01-27T02:31:25+00:00\",\"breadcrumb\":{\"@id\":\"https:\\\/\\\/vanguardminerals.co\\\/product\\\/kosher-shaker-10-oz-284g#breadcrumb\"},\"inLanguage\":\"es\",\"potentialAction\":[{\"@type\":\"ReadAction\",\"target\":[\"https:\\\/\\\/vanguardminerals.co\\\/product\\\/kosher-shaker-10-oz-284g\"]}]},{\"@type\":\"ImageObject\",\"inLanguage\":\"es\",\"@id\":\"https:\\\/\\\/vanguardminerals.co\\\/product\\\/kosher-shaker-10-oz-284g#primaryimage\",\"url\":\"https:\\\/\\\/vanguardminerals.co\\\/wp-content\\\/uploads\\\/2026\\\/01\\\/Real_Salt_Kosher_Shaker_10_oz._Front_copia_740x.webp\",\"contentUrl\":\"https:\\\/\\\/vanguardminerals.co\\\/wp-content\\\/uploads\\\/2026\\\/01\\\/Real_Salt_Kosher_Shaker_10_oz._Front_copia_740x.webp\",\"width\":740,\"height\":740,\"caption\":\"A container of Real Salt natural sea salt with a red cap.\"},{\"@type\":\"BreadcrumbList\",\"@id\":\"https:\\\/\\\/vanguardminerals.co\\\/product\\\/kosher-shaker-10-oz-284g#breadcrumb\",\"itemListElement\":[{\"@type\":\"ListItem\",\"position\":1,\"name\":\"Home\",\"item\":\"https:\\\/\\\/vanguardminerals.co\\\/\"},{\"@type\":\"ListItem\",\"position\":2,\"name\":\"Shop\",\"item\":\"https:\\\/\\\/vanguardminerals.co\\\/shop\"},{\"@type\":\"ListItem\",\"position\":3,\"name\":\"Kosher \u2013 Shaker, 10 oz (284g)\"}]},{\"@type\":\"WebSite\",\"@id\":\"https:\\\/\\\/vanguardminerals.co\\\/#website\",\"url\":\"https:\\\/\\\/vanguardminerals.co\\\/\",\"name\":\"Vanguard Minerals\",\"description\":\"From earth to wellness\",\"publisher\":{\"@id\":\"https:\\\/\\\/vanguardminerals.co\\\/#organization\"},\"potentialAction\":[{\"@type\":\"SearchAction\",\"target\":{\"@type\":\"EntryPoint\",\"urlTemplate\":\"https:\\\/\\\/vanguardminerals.co\\\/?s={search_term_string}\"},\"query-input\":{\"@type\":\"PropertyValueSpecification\",\"valueRequired\":true,\"valueName\":\"search_term_string\"}}],\"inLanguage\":\"es\"},{\"@type\":\"Organization\",\"@id\":\"https:\\\/\\\/vanguardminerals.co\\\/#organization\",\"name\":\"Vanguard Minerals\",\"url\":\"https:\\\/\\\/vanguardminerals.co\\\/\",\"logo\":{\"@type\":\"ImageObject\",\"inLanguage\":\"es\",\"@id\":\"https:\\\/\\\/vanguardminerals.co\\\/#\\\/schema\\\/logo\\\/image\\\/\",\"url\":\"https:\\\/\\\/vanguardminerals.co\\\/wp-content\\\/uploads\\\/2025\\\/10\\\/cropped-Logo-Vanguard-Minerals.webp\",\"contentUrl\":\"https:\\\/\\\/vanguardminerals.co\\\/wp-content\\\/uploads\\\/2025\\\/10\\\/cropped-Logo-Vanguard-Minerals.webp\",\"width\":268,\"height\":163,\"caption\":\"Vanguard Minerals\"},\"image\":{\"@id\":\"https:\\\/\\\/vanguardminerals.co\\\/#\\\/schema\\\/logo\\\/image\\\/\"}}]}<\/script>\n<!-- \/ Yoast SEO plugin. -->","yoast_head_json":{"title":"Kosher \u2013 Shaker, 10 oz (284g) - Vanguard Minerals","robots":{"index":"noindex","follow":"follow","max-snippet":"max-snippet:-1","max-image-preview":"max-image-preview:large","max-video-preview":"max-video-preview:-1"},"og_locale":"es_MX","og_type":"article","og_title":"Kosher \u2013 Shaker, 10 oz (284g) - Vanguard Minerals","og_description":"This Kosher Grain Unrefined Mineral Sea Salt is designed for cooks who value control and consistency when seasoning. With a grain size slightly larger than fine salt, it is easy to handle by hand or from a shaker and works well for seasoning meats, vegetables, and everyday dishes, allowing for even distribution during cooking and finishing.  Key Features   Medium-size kosher grain  Designed for controlled seasoning  Unrefined and naturally mineral-rich  Contains 60+ naturally occurring trace minerals  No chemical processing or additives  Best Uses:   Seasoning meats and vegetables  Pinching and tossing during cooking  Finishing dishes at the table  Canning, pickling, and fermenting  Beverage preparation","og_url":"https:\/\/vanguardminerals.co\/es\/producto\/kosher-shaker-10-oz-284g\/","og_site_name":"Vanguard Minerals","article_modified_time":"2026-01-27T02:31:25+00:00","og_image":[{"url":"https:\/\/vanguardminerals.co\/wp-content\/uploads\/2026\/01\/Real_Salt_Kosher_Shaker_10_oz._Front_copia_740x.webp","type":"","width":"","height":""}],"twitter_card":"summary_large_image","twitter_title":"Kosher \u2013 Shaker, 10 oz (284g) - Vanguard Minerals","twitter_description":"This Kosher Grain Unrefined Mineral Sea Salt is designed for cooks who value control and consistency when seasoning. With a grain size slightly larger than fine salt, it is easy to handle by hand or from a shaker and works well for seasoning meats, vegetables, and everyday dishes, allowing for even distribution during cooking and finishing.  Key Features   Medium-size kosher grain  Designed for controlled seasoning  Unrefined and naturally mineral-rich  Contains 60+ naturally occurring trace minerals  No chemical processing or additives  Best Uses:   Seasoning meats and vegetables  Pinching and tossing during cooking  Finishing dishes at the table  Canning, pickling, and fermenting  Beverage preparation","twitter_image":"https:\/\/vanguardminerals.co\/wp-content\/uploads\/2026\/01\/Real_Salt_Kosher_Shaker_10_oz._Front_copia_740x.webp","twitter_misc":{"Tiempo de lectura":"1 minuto"},"schema":{"@context":"https:\/\/schema.org","@graph":[{"@type":"WebPage","@id":"https:\/\/vanguardminerals.co\/product\/kosher-shaker-10-oz-284g","url":"https:\/\/vanguardminerals.co\/product\/kosher-shaker-10-oz-284g","name":"Kosher \u2013 Shaker, 10 oz (284g) - Vanguard Minerals","isPartOf":{"@id":"https:\/\/vanguardminerals.co\/#website"},"primaryImageOfPage":{"@id":"https:\/\/vanguardminerals.co\/product\/kosher-shaker-10-oz-284g#primaryimage"},"image":{"@id":"https:\/\/vanguardminerals.co\/product\/kosher-shaker-10-oz-284g#primaryimage"},"thumbnailUrl":"https:\/\/vanguardminerals.co\/wp-content\/uploads\/2026\/01\/Real_Salt_Kosher_Shaker_10_oz._Front_copia_740x.webp","datePublished":"2026-01-19T03:13:06+00:00","dateModified":"2026-01-27T02:31:25+00:00","breadcrumb":{"@id":"https:\/\/vanguardminerals.co\/product\/kosher-shaker-10-oz-284g#breadcrumb"},"inLanguage":"es","potentialAction":[{"@type":"ReadAction","target":["https:\/\/vanguardminerals.co\/product\/kosher-shaker-10-oz-284g"]}]},{"@type":"ImageObject","inLanguage":"es","@id":"https:\/\/vanguardminerals.co\/product\/kosher-shaker-10-oz-284g#primaryimage","url":"https:\/\/vanguardminerals.co\/wp-content\/uploads\/2026\/01\/Real_Salt_Kosher_Shaker_10_oz._Front_copia_740x.webp","contentUrl":"https:\/\/vanguardminerals.co\/wp-content\/uploads\/2026\/01\/Real_Salt_Kosher_Shaker_10_oz._Front_copia_740x.webp","width":740,"height":740,"caption":"A container of Real Salt natural sea salt with a red cap."},{"@type":"BreadcrumbList","@id":"https:\/\/vanguardminerals.co\/product\/kosher-shaker-10-oz-284g#breadcrumb","itemListElement":[{"@type":"ListItem","position":1,"name":"Home","item":"https:\/\/vanguardminerals.co\/"},{"@type":"ListItem","position":2,"name":"Shop","item":"https:\/\/vanguardminerals.co\/shop"},{"@type":"ListItem","position":3,"name":"Kosher \u2013 Shaker, 10 oz (284g)"}]},{"@type":"WebSite","@id":"https:\/\/vanguardminerals.co\/#website","url":"https:\/\/vanguardminerals.co\/","name":"En Vanguard Minerals","description":"From earth to wellness","publisher":{"@id":"https:\/\/vanguardminerals.co\/#organization"},"potentialAction":[{"@type":"SearchAction","target":{"@type":"EntryPoint","urlTemplate":"https:\/\/vanguardminerals.co\/?s={search_term_string}"},"query-input":{"@type":"PropertyValueSpecification","valueRequired":true,"valueName":"search_term_string"}}],"inLanguage":"es"},{"@type":"Organization","@id":"https:\/\/vanguardminerals.co\/#organization","name":"En Vanguard Minerals","url":"https:\/\/vanguardminerals.co\/","logo":{"@type":"ImageObject","inLanguage":"es","@id":"https:\/\/vanguardminerals.co\/#\/schema\/logo\/image\/","url":"https:\/\/vanguardminerals.co\/wp-content\/uploads\/2025\/10\/cropped-Logo-Vanguard-Minerals.webp","contentUrl":"https:\/\/vanguardminerals.co\/wp-content\/uploads\/2025\/10\/cropped-Logo-Vanguard-Minerals.webp","width":268,"height":163,"caption":"Vanguard Minerals"},"image":{"@id":"https:\/\/vanguardminerals.co\/#\/schema\/logo\/image\/"}}]}},"_links":{"self":[{"href":"https:\/\/vanguardminerals.co\/es\/wp-json\/wp\/v2\/product\/1756","targetHints":{"allow":["GET"]}}],"collection":[{"href":"https:\/\/vanguardminerals.co\/es\/wp-json\/wp\/v2\/product"}],"about":[{"href":"https:\/\/vanguardminerals.co\/es\/wp-json\/wp\/v2\/types\/product"}],"replies":[{"embeddable":true,"href":"https:\/\/vanguardminerals.co\/es\/wp-json\/wp\/v2\/comments?post=1756"}],"wp:featuredmedia":[{"embeddable":true,"href":"https:\/\/vanguardminerals.co\/es\/wp-json\/wp\/v2\/media\/1761"}],"wp:attachment":[{"href":"https:\/\/vanguardminerals.co\/es\/wp-json\/wp\/v2\/media?parent=1756"}],"wp:term":[{"taxonomy":"product_brand","embeddable":true,"href":"https:\/\/vanguardminerals.co\/es\/wp-json\/wp\/v2\/product_brand?post=1756"},{"taxonomy":"product_cat","embeddable":true,"href":"https:\/\/vanguardminerals.co\/es\/wp-json\/wp\/v2\/product_cat?post=1756"},{"taxonomy":"product_tag","embeddable":true,"href":"https:\/\/vanguardminerals.co\/es\/wp-json\/wp\/v2\/product_tag?post=1756"}],"curies":[{"name":"wp","href":"https:\/\/api.w.org\/{rel}","templated":true}]}}