{"id":1752,"date":"2026-01-19T03:10:17","date_gmt":"2026-01-19T03:10:17","guid":{"rendered":"https:\/\/redmond.nexape.com\/?post_type=product&#038;p=1752"},"modified":"2026-01-27T02:31:45","modified_gmt":"2026-01-27T02:31:45","slug":"kosher-pouch-16-oz-454g","status":"publish","type":"product","link":"https:\/\/vanguardminerals.co\/es\/producto\/kosher-pouch-16-oz-454g","title":{"rendered":"Kosher \u2013 Envase, 16 oz (454 g)"},"content":{"rendered":"<p>Esta sal marina mineral sin refinar Kosher Grain est\u00e1 dise\u00f1ada para cocinar y sazonar con precisi\u00f3n. Con un tama\u00f1o de grano ligeramente mayor que la sal fina, ofrece un excelente agarre y precisi\u00f3n al sazonar a mano, lo que la hace ideal para preparar carnes, verduras y platillos cotidianos.<\/p>\n<p>La textura granulada kosher es ideal para pellizcar y espolvorear, lo que ayuda a que la sal se adhiera de manera uniforme durante la cocci\u00f3n. Envasada en una bolsa recargable de 450 g, permite reutilizar el envase, reduce los residuos y mantiene la sal de calidad siempre a la mano.<\/p>\n<p><strong>Caracter\u00edsticas principales:<\/strong><\/p>\n<ul>\n<li>Grano kosher de tama\u00f1o mediano<\/li>\n<li>Dise\u00f1ado para el sazonado manual y la aplicaci\u00f3n controlada.<\/li>\n<li>Sin refinar y naturalmente rico en minerales.<\/li>\n<li>Contiene m\u00e1s de 60 oligoelementos naturales.<\/li>\n<li>Sin procesamiento qu\u00edmico ni aditivos.<\/li>\n<li><strong>Las bolsas de recarga ayudan a reducir los residuos y a reutilizar los envases.<\/strong><\/li>\n<\/ul>\n<p><strong>Mejores usos:<\/strong><\/p>\n<ul>\n<li>Sazonar carnes y verduras<\/li>\n<li>Pellizcar y remover durante la cocci\u00f3n.<\/li>\n<li>Adornar platos<\/li>\n<li>Enlatado, encurtido y fermentaci\u00f3n<\/li>\n<li>Preparaci\u00f3n de bebidas<\/li>\n<\/ul>","protected":false},"excerpt":{"rendered":"<p>Esta sal marina mineral sin refinar Kosher Grain est\u00e1 dise\u00f1ada para cocinar y sazonar con precisi\u00f3n. Con un tama\u00f1o de grano ligeramente mayor que la sal fina, ofrece un excelente agarre y precisi\u00f3n al sazonar a mano, lo que la hace ideal para preparar carnes, verduras y platillos cotidianos.<\/p>\n<p><strong>Caracter\u00edsticas principales:<\/strong><\/p>\n<ul>\n<li>Grano kosher de tama\u00f1o mediano<\/li>\n<li>Dise\u00f1ado para el sazonado manual y la aplicaci\u00f3n controlada.<\/li>\n<li>Sin refinar y naturalmente rico en minerales.<\/li>\n<li>Contiene m\u00e1s de 60 oligoelementos naturales.<\/li>\n<li>Sin procesamiento qu\u00edmico ni aditivos.<\/li>\n<li><strong>Las bolsas de recarga ayudan a reducir los residuos y a reutilizar los envases.<\/strong><\/li>\n<\/ul>\n<p><strong>Mejores usos:<\/strong><\/p>\n<ul>\n<li>Sazonar carnes y verduras<\/li>\n<li>Pellizcar y remover durante la cocci\u00f3n.<\/li>\n<li>Adornar platos<\/li>\n<li>Enlatado, encurtido y fermentaci\u00f3n<\/li>\n<li>Bebidas preparadas<\/li>\n<\/ul>","protected":false},"featured_media":1755,"comment_status":"open","ping_status":"closed","template":"","meta":[],"product_brand":[30],"product_cat":[41],"product_tag":[47,48,45,44,46,43,42],"class_list":{"0":"post-1752","1":"product","2":"type-product","3":"status-publish","4":"has-post-thumbnail","6":"product_brand-redmond","7":"product_cat-mineral-sea-salt-kosher","8":"product_tag-and-fermenting","9":"product_tag-beverage-preparation","10":"product_tag-canning","11":"product_tag-garnishing-dishes","12":"product_tag-pickling","13":"product_tag-pinching-and-tossing-during-cooking","14":"product_tag-seasoning-meats-and-vegetables","16":"first","17":"instock","18":"taxable","19":"shipping-taxable","20":"purchasable","21":"product-type-simple"},"yoast_head":"<!-- This site is optimized with the Yoast SEO plugin v27.4 - https:\/\/yoast.com\/product\/yoast-seo-wordpress\/ -->\n<title>Kosher \u2013 Pouch, 16 oz (454g) - Vanguard Minerals<\/title>\n<meta name=\"robots\" content=\"noindex, follow, max-snippet:-1, max-image-preview:large, max-video-preview:-1\" \/>\n<meta property=\"og:locale\" content=\"es_MX\" \/>\n<meta property=\"og:type\" content=\"article\" \/>\n<meta property=\"og:title\" content=\"Kosher \u2013 Pouch, 16 oz (454g) - Vanguard Minerals\" \/>\n<meta property=\"og:description\" content=\"This Kosher Grain Unrefined Mineral Sea Salt is designed for hands-on cooking and controlled seasoning. With a grain size slightly larger than fine salt, it offers excellent grip and precision when seasoning by hand, making it well suited for preparing meats, vegetables, and everyday dishes.  Key Features:   Medium-size kosher grain  Designed for hand seasoning and controlled application  Unrefined and naturally mineral-rich  Contains 60+ naturally occurring trace minerals  No chemical processing or additives  Refill pouch helps reduce waste  Best Uses:   Seasoning meats and vegetables  Pinching and tossing during cooking  Garnishing dishes  Canning, pickling, and fermenting  Beverage preparati\" \/>\n<meta property=\"og:url\" content=\"https:\/\/vanguardminerals.co\/es\/producto\/kosher-pouch-16-oz-454g\/\" \/>\n<meta property=\"og:site_name\" content=\"Vanguard Minerals\" \/>\n<meta property=\"article:modified_time\" content=\"2026-01-27T02:31:45+00:00\" \/>\n<meta property=\"og:image\" content=\"https:\/\/vanguardminerals.co\/wp-content\/uploads\/2026\/01\/squatty_pouches-4_740x.webp\" \/>\n<meta name=\"twitter:card\" content=\"summary_large_image\" \/>\n<meta name=\"twitter:title\" content=\"Kosher \u2013 Pouch, 16 oz (454g) - Vanguard Minerals\" \/>\n<meta name=\"twitter:description\" content=\"This Kosher Grain Unrefined Mineral Sea Salt is designed for hands-on cooking and controlled seasoning. With a grain size slightly larger than fine salt, it offers excellent grip and precision when seasoning by hand, making it well suited for preparing meats, vegetables, and everyday dishes.  Key Features:   Medium-size kosher grain  Designed for hand seasoning and controlled application  Unrefined and naturally mineral-rich  Contains 60+ naturally occurring trace minerals  No chemical processing or additives  Refill pouch helps reduce waste  Best Uses:   Seasoning meats and vegetables  Pinching and tossing during cooking  Garnishing dishes  Canning, pickling, and fermenting  Beverage preparati\" \/>\n<meta name=\"twitter:image\" content=\"https:\/\/vanguardminerals.co\/wp-content\/uploads\/2026\/01\/squatty_pouches-4_740x.webp\" \/>\n<meta name=\"twitter:label1\" content=\"Tiempo de lectura\" \/>\n\t<meta name=\"twitter:data1\" content=\"1 minuto\" \/>\n<script type=\"application\/ld+json\" class=\"yoast-schema-graph\">{\"@context\":\"https:\\\/\\\/schema.org\",\"@graph\":[{\"@type\":\"WebPage\",\"@id\":\"https:\\\/\\\/vanguardminerals.co\\\/product\\\/kosher-pouch-16-oz-454g\",\"url\":\"https:\\\/\\\/vanguardminerals.co\\\/product\\\/kosher-pouch-16-oz-454g\",\"name\":\"Kosher \u2013 Pouch, 16 oz (454g) - Vanguard Minerals\",\"isPartOf\":{\"@id\":\"https:\\\/\\\/vanguardminerals.co\\\/#website\"},\"primaryImageOfPage\":{\"@id\":\"https:\\\/\\\/vanguardminerals.co\\\/product\\\/kosher-pouch-16-oz-454g#primaryimage\"},\"image\":{\"@id\":\"https:\\\/\\\/vanguardminerals.co\\\/product\\\/kosher-pouch-16-oz-454g#primaryimage\"},\"thumbnailUrl\":\"https:\\\/\\\/vanguardminerals.co\\\/wp-content\\\/uploads\\\/2026\\\/01\\\/squatty_pouches-4_740x.webp\",\"datePublished\":\"2026-01-19T03:10:17+00:00\",\"dateModified\":\"2026-01-27T02:31:45+00:00\",\"breadcrumb\":{\"@id\":\"https:\\\/\\\/vanguardminerals.co\\\/product\\\/kosher-pouch-16-oz-454g#breadcrumb\"},\"inLanguage\":\"es\",\"potentialAction\":[{\"@type\":\"ReadAction\",\"target\":[\"https:\\\/\\\/vanguardminerals.co\\\/product\\\/kosher-pouch-16-oz-454g\"]}]},{\"@type\":\"ImageObject\",\"inLanguage\":\"es\",\"@id\":\"https:\\\/\\\/vanguardminerals.co\\\/product\\\/kosher-pouch-16-oz-454g#primaryimage\",\"url\":\"https:\\\/\\\/vanguardminerals.co\\\/wp-content\\\/uploads\\\/2026\\\/01\\\/squatty_pouches-4_740x.webp\",\"contentUrl\":\"https:\\\/\\\/vanguardminerals.co\\\/wp-content\\\/uploads\\\/2026\\\/01\\\/squatty_pouches-4_740x.webp\",\"width\":740,\"height\":740,\"caption\":\"A bag of Redmond Real Salt Ancient Kosher Sea Salt.\"},{\"@type\":\"BreadcrumbList\",\"@id\":\"https:\\\/\\\/vanguardminerals.co\\\/product\\\/kosher-pouch-16-oz-454g#breadcrumb\",\"itemListElement\":[{\"@type\":\"ListItem\",\"position\":1,\"name\":\"Home\",\"item\":\"https:\\\/\\\/vanguardminerals.co\\\/\"},{\"@type\":\"ListItem\",\"position\":2,\"name\":\"Shop\",\"item\":\"https:\\\/\\\/vanguardminerals.co\\\/shop\"},{\"@type\":\"ListItem\",\"position\":3,\"name\":\"Kosher \u2013 Pouch, 16 oz (454g)\"}]},{\"@type\":\"WebSite\",\"@id\":\"https:\\\/\\\/vanguardminerals.co\\\/#website\",\"url\":\"https:\\\/\\\/vanguardminerals.co\\\/\",\"name\":\"Vanguard Minerals\",\"description\":\"From earth to wellness\",\"publisher\":{\"@id\":\"https:\\\/\\\/vanguardminerals.co\\\/#organization\"},\"potentialAction\":[{\"@type\":\"SearchAction\",\"target\":{\"@type\":\"EntryPoint\",\"urlTemplate\":\"https:\\\/\\\/vanguardminerals.co\\\/?s={search_term_string}\"},\"query-input\":{\"@type\":\"PropertyValueSpecification\",\"valueRequired\":true,\"valueName\":\"search_term_string\"}}],\"inLanguage\":\"es\"},{\"@type\":\"Organization\",\"@id\":\"https:\\\/\\\/vanguardminerals.co\\\/#organization\",\"name\":\"Vanguard Minerals\",\"url\":\"https:\\\/\\\/vanguardminerals.co\\\/\",\"logo\":{\"@type\":\"ImageObject\",\"inLanguage\":\"es\",\"@id\":\"https:\\\/\\\/vanguardminerals.co\\\/#\\\/schema\\\/logo\\\/image\\\/\",\"url\":\"https:\\\/\\\/vanguardminerals.co\\\/wp-content\\\/uploads\\\/2025\\\/10\\\/cropped-Logo-Vanguard-Minerals.webp\",\"contentUrl\":\"https:\\\/\\\/vanguardminerals.co\\\/wp-content\\\/uploads\\\/2025\\\/10\\\/cropped-Logo-Vanguard-Minerals.webp\",\"width\":268,\"height\":163,\"caption\":\"Vanguard Minerals\"},\"image\":{\"@id\":\"https:\\\/\\\/vanguardminerals.co\\\/#\\\/schema\\\/logo\\\/image\\\/\"}}]}<\/script>\n<!-- \/ Yoast SEO plugin. -->","yoast_head_json":{"title":"Kosher \u2013 Pouch, 16 oz (454g) - Vanguard Minerals","robots":{"index":"noindex","follow":"follow","max-snippet":"max-snippet:-1","max-image-preview":"max-image-preview:large","max-video-preview":"max-video-preview:-1"},"og_locale":"es_MX","og_type":"article","og_title":"Kosher \u2013 Pouch, 16 oz (454g) - Vanguard Minerals","og_description":"This Kosher Grain Unrefined Mineral Sea Salt is designed for hands-on cooking and controlled seasoning. With a grain size slightly larger than fine salt, it offers excellent grip and precision when seasoning by hand, making it well suited for preparing meats, vegetables, and everyday dishes.  Key Features:   Medium-size kosher grain  Designed for hand seasoning and controlled application  Unrefined and naturally mineral-rich  Contains 60+ naturally occurring trace minerals  No chemical processing or additives  Refill pouch helps reduce waste  Best Uses:   Seasoning meats and vegetables  Pinching and tossing during cooking  Garnishing dishes  Canning, pickling, and fermenting  Beverage preparati","og_url":"https:\/\/vanguardminerals.co\/es\/producto\/kosher-pouch-16-oz-454g\/","og_site_name":"Vanguard Minerals","article_modified_time":"2026-01-27T02:31:45+00:00","og_image":[{"url":"https:\/\/vanguardminerals.co\/wp-content\/uploads\/2026\/01\/squatty_pouches-4_740x.webp","type":"","width":"","height":""}],"twitter_card":"summary_large_image","twitter_title":"Kosher \u2013 Pouch, 16 oz (454g) - Vanguard Minerals","twitter_description":"This Kosher Grain Unrefined Mineral Sea Salt is designed for hands-on cooking and controlled seasoning. With a grain size slightly larger than fine salt, it offers excellent grip and precision when seasoning by hand, making it well suited for preparing meats, vegetables, and everyday dishes.  Key Features:   Medium-size kosher grain  Designed for hand seasoning and controlled application  Unrefined and naturally mineral-rich  Contains 60+ naturally occurring trace minerals  No chemical processing or additives  Refill pouch helps reduce waste  Best Uses:   Seasoning meats and vegetables  Pinching and tossing during cooking  Garnishing dishes  Canning, pickling, and fermenting  Beverage preparati","twitter_image":"https:\/\/vanguardminerals.co\/wp-content\/uploads\/2026\/01\/squatty_pouches-4_740x.webp","twitter_misc":{"Tiempo de lectura":"1 minuto"},"schema":{"@context":"https:\/\/schema.org","@graph":[{"@type":"WebPage","@id":"https:\/\/vanguardminerals.co\/product\/kosher-pouch-16-oz-454g","url":"https:\/\/vanguardminerals.co\/product\/kosher-pouch-16-oz-454g","name":"Kosher \u2013 Pouch, 16 oz (454g) - Vanguard Minerals","isPartOf":{"@id":"https:\/\/vanguardminerals.co\/#website"},"primaryImageOfPage":{"@id":"https:\/\/vanguardminerals.co\/product\/kosher-pouch-16-oz-454g#primaryimage"},"image":{"@id":"https:\/\/vanguardminerals.co\/product\/kosher-pouch-16-oz-454g#primaryimage"},"thumbnailUrl":"https:\/\/vanguardminerals.co\/wp-content\/uploads\/2026\/01\/squatty_pouches-4_740x.webp","datePublished":"2026-01-19T03:10:17+00:00","dateModified":"2026-01-27T02:31:45+00:00","breadcrumb":{"@id":"https:\/\/vanguardminerals.co\/product\/kosher-pouch-16-oz-454g#breadcrumb"},"inLanguage":"es","potentialAction":[{"@type":"ReadAction","target":["https:\/\/vanguardminerals.co\/product\/kosher-pouch-16-oz-454g"]}]},{"@type":"ImageObject","inLanguage":"es","@id":"https:\/\/vanguardminerals.co\/product\/kosher-pouch-16-oz-454g#primaryimage","url":"https:\/\/vanguardminerals.co\/wp-content\/uploads\/2026\/01\/squatty_pouches-4_740x.webp","contentUrl":"https:\/\/vanguardminerals.co\/wp-content\/uploads\/2026\/01\/squatty_pouches-4_740x.webp","width":740,"height":740,"caption":"A bag of Redmond Real Salt Ancient Kosher Sea Salt."},{"@type":"BreadcrumbList","@id":"https:\/\/vanguardminerals.co\/product\/kosher-pouch-16-oz-454g#breadcrumb","itemListElement":[{"@type":"ListItem","position":1,"name":"Home","item":"https:\/\/vanguardminerals.co\/"},{"@type":"ListItem","position":2,"name":"Shop","item":"https:\/\/vanguardminerals.co\/shop"},{"@type":"ListItem","position":3,"name":"Kosher \u2013 Pouch, 16 oz (454g)"}]},{"@type":"WebSite","@id":"https:\/\/vanguardminerals.co\/#website","url":"https:\/\/vanguardminerals.co\/","name":"En Vanguard Minerals","description":"From earth to wellness","publisher":{"@id":"https:\/\/vanguardminerals.co\/#organization"},"potentialAction":[{"@type":"SearchAction","target":{"@type":"EntryPoint","urlTemplate":"https:\/\/vanguardminerals.co\/?s={search_term_string}"},"query-input":{"@type":"PropertyValueSpecification","valueRequired":true,"valueName":"search_term_string"}}],"inLanguage":"es"},{"@type":"Organization","@id":"https:\/\/vanguardminerals.co\/#organization","name":"En Vanguard Minerals","url":"https:\/\/vanguardminerals.co\/","logo":{"@type":"ImageObject","inLanguage":"es","@id":"https:\/\/vanguardminerals.co\/#\/schema\/logo\/image\/","url":"https:\/\/vanguardminerals.co\/wp-content\/uploads\/2025\/10\/cropped-Logo-Vanguard-Minerals.webp","contentUrl":"https:\/\/vanguardminerals.co\/wp-content\/uploads\/2025\/10\/cropped-Logo-Vanguard-Minerals.webp","width":268,"height":163,"caption":"Vanguard Minerals"},"image":{"@id":"https:\/\/vanguardminerals.co\/#\/schema\/logo\/image\/"}}]}},"_links":{"self":[{"href":"https:\/\/vanguardminerals.co\/es\/wp-json\/wp\/v2\/product\/1752","targetHints":{"allow":["GET"]}}],"collection":[{"href":"https:\/\/vanguardminerals.co\/es\/wp-json\/wp\/v2\/product"}],"about":[{"href":"https:\/\/vanguardminerals.co\/es\/wp-json\/wp\/v2\/types\/product"}],"replies":[{"embeddable":true,"href":"https:\/\/vanguardminerals.co\/es\/wp-json\/wp\/v2\/comments?post=1752"}],"wp:featuredmedia":[{"embeddable":true,"href":"https:\/\/vanguardminerals.co\/es\/wp-json\/wp\/v2\/media\/1755"}],"wp:attachment":[{"href":"https:\/\/vanguardminerals.co\/es\/wp-json\/wp\/v2\/media?parent=1752"}],"wp:term":[{"taxonomy":"product_brand","embeddable":true,"href":"https:\/\/vanguardminerals.co\/es\/wp-json\/wp\/v2\/product_brand?post=1752"},{"taxonomy":"product_cat","embeddable":true,"href":"https:\/\/vanguardminerals.co\/es\/wp-json\/wp\/v2\/product_cat?post=1752"},{"taxonomy":"product_tag","embeddable":true,"href":"https:\/\/vanguardminerals.co\/es\/wp-json\/wp\/v2\/product_tag?post=1752"}],"curies":[{"name":"wp","href":"https:\/\/api.w.org\/{rel}","templated":true}]}}